{"id":993,"date":"2025-03-10T08:58:06","date_gmt":"2025-03-10T06:58:06","guid":{"rendered":"https:\/\/euaic.pnrr.uaic.ro\/?page_id=993"},"modified":"2025-03-25T09:44:21","modified_gmt":"2025-03-25T07:44:21","slug":"cursuri-tematice-si-microcursuri","status":"publish","type":"page","link":"https:\/\/euaic.pnrr.uaic.ro\/?page_id=993","title":{"rendered":"Cursuri tematice \u0219i Microcursuri"},"content":{"rendered":"\t\t<div data-elementor-type=\"wp-page\" data-elementor-id=\"993\" class=\"elementor elementor-993\">\n\t\t\t\t\t\t\t\t\t<section class=\"elementor-section elementor-top-section elementor-element elementor-element-9535374 elementor-section-boxed elementor-section-height-default elementor-section-height-default\" data-id=\"9535374\" data-element_type=\"section\">\n\t\t\t\t\t\t<div class=\"elementor-container elementor-column-gap-default\">\n\t\t\t\t\t<div class=\"elementor-column elementor-col-100 elementor-top-column elementor-element elementor-element-374b1bc\" data-id=\"374b1bc\" data-element_type=\"column\">\n\t\t\t<div class=\"elementor-widget-wrap elementor-element-populated\">\n\t\t\t\t\t\t\t\t<div class=\"elementor-element elementor-element-3d53cf6 elementor-widget elementor-widget-heading\" data-id=\"3d53cf6\" data-element_type=\"widget\" data-widget_type=\"heading.default\">\n\t\t\t\t<div class=\"elementor-widget-container\">\n\t\t\t<style>\/*! elementor - v3.14.0 - 18-06-2023 *\/\n.elementor-heading-title{padding:0;margin:0;line-height:1}.elementor-widget-heading .elementor-heading-title[class*=elementor-size-]>a{color:inherit;font-size:inherit;line-height:inherit}.elementor-widget-heading .elementor-heading-title.elementor-size-small{font-size:15px}.elementor-widget-heading .elementor-heading-title.elementor-size-medium{font-size:19px}.elementor-widget-heading .elementor-heading-title.elementor-size-large{font-size:29px}.elementor-widget-heading .elementor-heading-title.elementor-size-xl{font-size:39px}.elementor-widget-heading .elementor-heading-title.elementor-size-xxl{font-size:59px}<\/style><h2 class=\"elementor-heading-title elementor-size-default\">Calendar de Selec\u021bie Grup \u021binta aferent activit\u0103\u021bilor de formare - Curs tematic Moodle creare continut (H5P; Wiris) \u0219i Microcursuri Moodle: testare, evaluare<\/h2>\t\t<\/div>\n\t\t\t\t<\/div>\n\t\t\t\t\t<\/div>\n\t\t<\/div>\n\t\t\t\t\t\t\t<\/div>\n\t\t<\/section>\n\t\t\t\t<section class=\"elementor-section elementor-top-section elementor-element elementor-element-2bb49f3 elementor-section-boxed elementor-section-height-default elementor-section-height-default\" data-id=\"2bb49f3\" data-element_type=\"section\">\n\t\t\t\t\t\t<div class=\"elementor-container elementor-column-gap-default\">\n\t\t\t\t\t<div class=\"elementor-column elementor-col-33 elementor-top-column elementor-element elementor-element-75b0e92\" data-id=\"75b0e92\" data-element_type=\"column\">\n\t\t\t<div class=\"elementor-widget-wrap elementor-element-populated\">\n\t\t\t\t\t\t\t\t<div class=\"elementor-element elementor-element-79a2ba9 elementor-widget__width-initial elementor-widget elementor-widget-text-editor\" data-id=\"79a2ba9\" data-element_type=\"widget\" data-widget_type=\"text-editor.default\">\n\t\t\t\t<div class=\"elementor-widget-container\">\n\t\t\t<style>\/*! elementor - v3.14.0 - 18-06-2023 *\/\n.elementor-widget-text-editor.elementor-drop-cap-view-stacked .elementor-drop-cap{background-color:#69727d;color:#fff}.elementor-widget-text-editor.elementor-drop-cap-view-framed .elementor-drop-cap{color:#69727d;border:3px solid;background-color:transparent}.elementor-widget-text-editor:not(.elementor-drop-cap-view-default) .elementor-drop-cap{margin-top:8px}.elementor-widget-text-editor:not(.elementor-drop-cap-view-default) .elementor-drop-cap-letter{width:1em;height:1em}.elementor-widget-text-editor .elementor-drop-cap{float:left;text-align:center;line-height:1;font-size:50px}.elementor-widget-text-editor .elementor-drop-cap-letter{display:inline-block}<\/style>\t\t\t\t<h2 class=\"elementor-heading-title elementor-size-default elementor-inline-editing pen\" contenteditable=\"true\" data-elementor-setting-key=\"title\" data-pen-placeholder=\"Type Here...\"><strong><span style=\"color: #00afef;\">Activitate<\/span><\/strong><\/h2><h4 style=\"text-align: left; color: #00afef;\"><strong>I. Campanie de informare \u0219i promovare \u00een r\u00e2ndul GT<\/strong><\/h4><h4 style=\"text-align: left; color: #00afef;\"><strong>II. \u00censcrierea candida\u021bilor<\/strong><\/h4><h4 style=\"text-align: left; color: #00afef;\"><strong>III. Verificarea, evaluarea \u0219i selec\u021bia candidaturilor<\/strong><\/h4><h4 style=\"text-align: left; color: #00afef;\"><strong>IV. Afi\u0219area listei de candida\u021bi declara\u021bi admi\u0219i<\/strong><\/h4><h4 style=\"text-align: left; color: #00afef;\"><strong>V. Contesta\u021bii<\/strong><\/h4><h4 style=\"text-align: left; color: #00afef;\"><strong>VI. Solu\u021bionarea contesta\u021biilor<\/strong><\/h4><h4 style=\"text-align: left; color: #00afef;\"><strong>VII. Afi\u0219area listei finale a candida\u021bilor declara\u021bi admi\u0219i<\/strong><\/h4><p>\u00a0<\/p>\t\t\t\t\t\t<\/div>\n\t\t\t\t<\/div>\n\t\t\t\t\t<\/div>\n\t\t<\/div>\n\t\t\t\t<div class=\"elementor-column elementor-col-33 elementor-top-column elementor-element elementor-element-a70d212\" data-id=\"a70d212\" data-element_type=\"column\">\n\t\t\t<div class=\"elementor-widget-wrap\">\n\t\t\t\t\t\t\t\t\t<\/div>\n\t\t<\/div>\n\t\t\t\t<div class=\"elementor-column elementor-col-33 elementor-top-column elementor-element elementor-element-feab747\" data-id=\"feab747\" data-element_type=\"column\">\n\t\t\t<div class=\"elementor-widget-wrap elementor-element-populated\">\n\t\t\t\t\t\t\t\t<div class=\"elementor-element elementor-element-6b5c561 elementor-widget__width-initial elementor-widget elementor-widget-text-editor\" data-id=\"6b5c561\" data-element_type=\"widget\" data-widget_type=\"text-editor.default\">\n\t\t\t\t<div class=\"elementor-widget-container\">\n\t\t\t\t\t\t\t<h2 class=\"elementor-heading-title elementor-size-default elementor-inline-editing pen\" style=\"text-align: left;\" contenteditable=\"true\" data-elementor-setting-key=\"title\" data-pen-placeholder=\"Type Here...\"><strong><span style=\"color: #00afef;\">Perioad\u0103<\/span><\/strong><\/h2>\n<h4 style=\"text-align: left;\"><strong><span style=\"color: #00afef;\">I.&nbsp; &nbsp;06 &#8211; 10 martie 2025<\/span><\/strong><\/h4>\n<h4 style=\"text-align: left;\"><strong> <span style=\"color: #00afef;\">II.&nbsp; &nbsp;10 \u2013 23 martie 2025<\/span><\/strong><\/h4>\n<h4 style=\"text-align: left;\"><strong><span style=\"color: #00afef;\">III.&nbsp; &nbsp;24 \u2013 25 martie 2025<\/span><\/strong><\/h4>\n<h4 style=\"text-align: left;\"><strong><span style=\"color: #00afef;\">IV.&nbsp; &nbsp;25 martie 2025<\/span><\/strong><\/h4>\n<h4 style=\"text-align: left;\"><strong><span style=\"color: #00afef;\">V.&nbsp; &nbsp; 26 martie 2025<\/span><\/strong><\/h4>\n<h4 style=\"text-align: left;\"><strong><span style=\"color: #00afef;\">VI.&nbsp; &nbsp;27 martie 2025<\/span><\/strong><\/h4>\n<h4 style=\"text-align: left;\"><strong><span style=\"color: #00afef;\">VII.&nbsp; 27 martie 2025<\/span><\/strong><\/h4>\t\t\t\t\t\t<\/div>\n\t\t\t\t<\/div>\n\t\t\t\t\t<\/div>\n\t\t<\/div>\n\t\t\t\t\t\t\t<\/div>\n\t\t<\/section>\n\t\t\t\t<section class=\"elementor-section elementor-top-section elementor-element elementor-element-e18afa3 elementor-section-boxed elementor-section-height-default elementor-section-height-default\" data-id=\"e18afa3\" data-element_type=\"section\">\n\t\t\t\t\t\t<div class=\"elementor-container elementor-column-gap-default\">\n\t\t\t\t\t<div class=\"elementor-column elementor-col-25 elementor-top-column elementor-element elementor-element-b90a803\" data-id=\"b90a803\" data-element_type=\"column\">\n\t\t\t<div class=\"elementor-widget-wrap elementor-element-populated\">\n\t\t\t\t\t\t\t\t<div class=\"elementor-element elementor-element-a426767 elementor-widget__width-initial elementor-align-center elementor-widget elementor-widget-button\" data-id=\"a426767\" data-element_type=\"widget\" data-widget_type=\"button.default\">\n\t\t\t\t<div class=\"elementor-widget-container\">\n\t\t\t\t\t<div class=\"elementor-button-wrapper\">\n\t\t\t<a class=\"elementor-button elementor-button-link elementor-size-sm\" href=\"https:\/\/euaic.pnrr.uaic.ro\/wp-content\/uploads\/2025\/03\/Lista-candidati-admisi-cursuri-tematice_microcursuri.pdf\">\n\t\t\t\t\t\t<span class=\"elementor-button-content-wrapper\">\n\t\t\t\t\t\t<span class=\"elementor-button-text\">List\u0103 candida\u021bi Admi\u0219i  <br \/>Cursuri tematice Microcursuri<\/span>\n\t\t<\/span>\n\t\t\t\t\t<\/a>\n\t\t<\/div>\n\t\t\t\t<\/div>\n\t\t\t\t<\/div>\n\t\t\t\t\t<\/div>\n\t\t<\/div>\n\t\t\t\t<div class=\"elementor-column elementor-col-25 elementor-top-column elementor-element elementor-element-2c27db5\" data-id=\"2c27db5\" data-element_type=\"column\">\n\t\t\t<div class=\"elementor-widget-wrap elementor-element-populated\">\n\t\t\t\t\t\t\t\t<div class=\"elementor-element elementor-element-a24fe10 elementor-widget__width-initial elementor-align-center elementor-widget elementor-widget-button\" data-id=\"a24fe10\" data-element_type=\"widget\" data-widget_type=\"button.default\">\n\t\t\t\t<div class=\"elementor-widget-container\">\n\t\t\t\t\t<div class=\"elementor-button-wrapper\">\n\t\t\t<a class=\"elementor-button elementor-button-link elementor-size-sm\" href=\"https:\/\/euaic.pnrr.uaic.ro\/wp-content\/uploads\/2025\/03\/Calendar-selectie-Cursuri-tematice-si-Microcursuri-Moodle-prelungire.pdf\">\n\t\t\t\t\t\t<span class=\"elementor-button-content-wrapper\">\n\t\t\t\t\t\t<span class=\"elementor-button-text\">Calendar selectie Cursuri tematice \u0219i Microcursuri<\/span>\n\t\t<\/span>\n\t\t\t\t\t<\/a>\n\t\t<\/div>\n\t\t\t\t<\/div>\n\t\t\t\t<\/div>\n\t\t\t\t\t<\/div>\n\t\t<\/div>\n\t\t\t\t<div class=\"elementor-column elementor-col-25 elementor-top-column elementor-element elementor-element-a1a1ed4\" data-id=\"a1a1ed4\" data-element_type=\"column\">\n\t\t\t<div class=\"elementor-widget-wrap elementor-element-populated\">\n\t\t\t\t\t\t\t\t<div class=\"elementor-element elementor-element-7d085fe elementor-widget__width-initial elementor-align-center elementor-widget elementor-widget-button\" data-id=\"7d085fe\" data-element_type=\"widget\" data-widget_type=\"button.default\">\n\t\t\t\t<div class=\"elementor-widget-container\">\n\t\t\t\t\t<div class=\"elementor-button-wrapper\">\n\t\t\t<a class=\"elementor-button elementor-button-link elementor-size-sm\" href=\"https:\/\/euaic.pnrr.uaic.ro\/wp-content\/uploads\/2025\/03\/Detalii-Cursuri-tematice-si-Microcursuri-Moodle.pdf\">\n\t\t\t\t\t\t<span class=\"elementor-button-content-wrapper\">\n\t\t\t\t\t\t<span class=\"elementor-button-text\">Detalii Cursuri tematice \u0219i Microcursuri<\/span>\n\t\t<\/span>\n\t\t\t\t\t<\/a>\n\t\t<\/div>\n\t\t\t\t<\/div>\n\t\t\t\t<\/div>\n\t\t\t\t\t<\/div>\n\t\t<\/div>\n\t\t\t\t<div class=\"elementor-column elementor-col-25 elementor-top-column elementor-element elementor-element-27897d8\" data-id=\"27897d8\" data-element_type=\"column\">\n\t\t\t<div class=\"elementor-widget-wrap elementor-element-populated\">\n\t\t\t\t\t\t\t\t<div class=\"elementor-element elementor-element-2babade elementor-widget__width-initial elementor-align-center elementor-widget elementor-widget-button\" data-id=\"2babade\" data-element_type=\"widget\" data-widget_type=\"button.default\">\n\t\t\t\t<div class=\"elementor-widget-container\">\n\t\t\t\t\t<div class=\"elementor-button-wrapper\">\n\t\t\t<a class=\"elementor-button elementor-button-link elementor-size-sm\" href=\"https:\/\/euaic.pnrr.uaic.ro\/wp-content\/uploads\/2025\/03\/Extras-Metodologie-selectie-GT-Cursuri-tematice-si-Microcursuri.pdf\">\n\t\t\t\t\t\t<span class=\"elementor-button-content-wrapper\">\n\t\t\t\t\t\t<span class=\"elementor-button-text\"> Extras Metodologie selectie Cursuri tematice \u0219i Microcursuri<\/span>\n\t\t<\/span>\n\t\t\t\t\t<\/a>\n\t\t<\/div>\n\t\t\t\t<\/div>\n\t\t\t\t<\/div>\n\t\t\t\t\t<\/div>\n\t\t<\/div>\n\t\t\t\t\t\t\t<\/div>\n\t\t<\/section>\n\t\t\t\t<section class=\"elementor-section elementor-top-section elementor-element elementor-element-bfc8679 elementor-section-boxed elementor-section-height-default elementor-section-height-default\" data-id=\"bfc8679\" data-element_type=\"section\">\n\t\t\t\t\t\t<div class=\"elementor-container elementor-column-gap-default\">\n\t\t\t\t\t<div class=\"elementor-column elementor-col-100 elementor-top-column elementor-element elementor-element-4ba2793\" data-id=\"4ba2793\" data-element_type=\"column\">\n\t\t\t<div class=\"elementor-widget-wrap elementor-element-populated\">\n\t\t\t\t\t\t\t\t<div class=\"elementor-element elementor-element-ef2a5b6 elementor-widget elementor-widget-text-editor\" data-id=\"ef2a5b6\" data-element_type=\"widget\" data-widget_type=\"text-editor.default\">\n\t\t\t\t<div class=\"elementor-widget-container\">\n\t\t\t\t\t\t\t<h3 style=\"text-align: justify;\"><span style=\"color: #054164;\">Persoanele interesate s\u0103 participe la activit\u00ee\u021bilor de formare &#8211; Cursuri tematice Moodle de creare continut, Microcursuri Moodle: testare, evaluare care \u00eendeplinesc criteriile de selec\u021bie \u00ee\u0219i vor depune candidatura, \u00een format electronic, la adresa de e-mail\u00a0<\/span><span style=\"color: #054164;\">\u00a0formare.pnrr@uaic.ro.\u00a0<\/span><span style=\"color: #054164;\">E-mailul trebuie s\u0103 con\u021bin\u0103 titlul \u201eCandidatura Microcursuri\u201d \u0219i documentele solicitate ca ata\u0219amente completate \u0219i semnate.\u00a0\u00a0<\/span><span style=\"color: #054164; font-size: 19.5px;\">\u00a0<\/span><\/h3><h3 style=\"text-align: justify;\"><span style=\"color: #054164;\">Documentele vor fi verificate \u00een privin\u021ba conformit\u0103\u021bii, iar dac\u0103 sunt necesare complet\u0103ri sau preciz\u0103ri, acestea vor fi solicitate candidatului, urm\u00e2nd s\u0103 fie transmise \u00een maximum 2 zile de la data solicit\u0103rii, \u00eens\u0103 nu mai t\u00e2rziu de ultima zi de \u00eenscriere.\u00a0<\/span><\/h3><h3 style=\"text-align: justify;\"><span style=\"color: #054164;\">\u00cen cazul \u00een care completarea candidaturii nu s-a f\u0103cut \u00een termenul men\u021bionat, candidatura va fi declarat\u0103 neeligibil\u0103.\u00a0<\/span><span style=\"font-family: 'Helvetica Neue', Helvetica, Arial, 'Lucida Grande', sans-serif; font-size: 19.5px; font-weight: 500; color: #054164;\">urm\u0103toarele documente (anexele se vor desc\u0103rca de <\/span><a href=\"https:\/\/euaic.pnrr.uaic.ro\/wp-content\/uploads\/2025\/03\/Anexe-de-completat-Cursuri-tematice-si-Microcursuri.docx\"><strong><span style=\"text-decoration-line: underline;\">aici<\/span><\/strong><\/a><span style=\"font-family: 'Helvetica Neue', Helvetica, Arial, 'Lucida Grande', sans-serif; font-size: 19.5px; font-weight: 500; color: #054164;\"> \u0219i se vor trimite <\/span><span style=\"font-family: 'Helvetica Neue', Helvetica, Arial, 'Lucida Grande', sans-serif; font-size: 19.5px; font-weight: 500; color: #054164; text-decoration-line: underline;\">semnate<\/span><span style=\"font-family: 'Helvetica Neue', Helvetica, Arial, 'Lucida Grande', sans-serif; font-size: 19.5px; font-weight: 500; color: #054164;\">):<\/span><\/h3><ul><li><h5 style=\"text-align: left;\"><span style=\"color: #0078f0;\"><strong>Formular de \u00eenscriere (Anexa 1d) ;<\/strong><\/span><\/h5><\/li><li><h5 style=\"text-align: left;\"><span style=\"color: #0078f0;\"><strong>Declara\u021bie disponibilitate de a participa la activit\u0103\u021bile proiectului (Anexa 2d);\u00a0<\/strong><\/span><\/h5><\/li><li><h5 style=\"text-align: left;\"><span style=\"color: #0078f0;\"><strong>Copie dup\u0103 cartea de identitate;<\/strong><\/span><\/h5><\/li><li><h5 style=\"text-align: left;\"><span style=\"color: #0078f0;\"><strong>Acord de utilizare a datelor personale (Anexa 3d).<\/strong><\/span><\/h5><\/li><\/ul><h4 style=\"text-align: left;\"><span style=\"color: #ff00ff;\">V\u0103 rug\u0103m s\u0103 citi\u021bi toate detaliile \u00een metodologie!!<\/span><\/h4>\t\t\t\t\t\t<\/div>\n\t\t\t\t<\/div>\n\t\t\t\t\t<\/div>\n\t\t<\/div>\n\t\t\t\t\t\t\t<\/div>\n\t\t<\/section>\n\t\t\t\t\t\t\t<\/div>\n\t\t","protected":false},"excerpt":{"rendered":"<p>Calendar de Selec\u021bie Grup \u021binta aferent activit\u0103\u021bilor de formare &#8211; Curs tematic Moodle creare continut (H5P; Wiris) \u0219i Microcursuri Moodle: testare, evaluare Activitate I. Campanie de informare \u0219i promovare \u00een r\u00e2ndul GT II. \u00censcrierea candida\u021bilor III. Verificarea, evaluarea \u0219i selec\u021bia candidaturilor IV. Afi\u0219area listei de candida\u021bi declara\u021bi admi\u0219i V. Contesta\u021bii VI. Solu\u021bionarea contesta\u021biilor VII. Afi\u0219area [&hellip;]<\/p>\n","protected":false},"author":3,"featured_media":0,"parent":0,"menu_order":0,"comment_status":"closed","ping_status":"closed","template":"","meta":[],"_links":{"self":[{"href":"https:\/\/euaic.pnrr.uaic.ro\/index.php?rest_route=\/wp\/v2\/pages\/993"}],"collection":[{"href":"https:\/\/euaic.pnrr.uaic.ro\/index.php?rest_route=\/wp\/v2\/pages"}],"about":[{"href":"https:\/\/euaic.pnrr.uaic.ro\/index.php?rest_route=\/wp\/v2\/types\/page"}],"author":[{"embeddable":true,"href":"https:\/\/euaic.pnrr.uaic.ro\/index.php?rest_route=\/wp\/v2\/users\/3"}],"replies":[{"embeddable":true,"href":"https:\/\/euaic.pnrr.uaic.ro\/index.php?rest_route=%2Fwp%2Fv2%2Fcomments&post=993"}],"version-history":[{"count":31,"href":"https:\/\/euaic.pnrr.uaic.ro\/index.php?rest_route=\/wp\/v2\/pages\/993\/revisions"}],"predecessor-version":[{"id":1048,"href":"https:\/\/euaic.pnrr.uaic.ro\/index.php?rest_route=\/wp\/v2\/pages\/993\/revisions\/1048"}],"wp:attachment":[{"href":"https:\/\/euaic.pnrr.uaic.ro\/index.php?rest_route=%2Fwp%2Fv2%2Fmedia&parent=993"}],"curies":[{"name":"wp","href":"https:\/\/api.w.org\/{rel}","templated":true}]}}