{"id":904,"date":"2025-03-04T10:51:17","date_gmt":"2025-03-04T08:51:17","guid":{"rendered":"https:\/\/euaic.pnrr.uaic.ro\/?page_id=904"},"modified":"2025-03-17T10:01:26","modified_gmt":"2025-03-17T08:01:26","slug":"cursuri-ecdl-avansat-sesiunea-iii-2025","status":"publish","type":"page","link":"https:\/\/euaic.pnrr.uaic.ro\/?page_id=904","title":{"rendered":"Cursuri ECDL &#8211; nivel avansat"},"content":{"rendered":"\t\t<div data-elementor-type=\"wp-page\" data-elementor-id=\"904\" class=\"elementor elementor-904\">\n\t\t\t\t\t\t\t\t\t<section class=\"elementor-section elementor-top-section elementor-element elementor-element-dbc8bbf elementor-section-boxed elementor-section-height-default elementor-section-height-default\" data-id=\"dbc8bbf\" data-element_type=\"section\">\n\t\t\t\t\t\t<div class=\"elementor-container elementor-column-gap-default\">\n\t\t\t\t\t<div class=\"elementor-column elementor-col-100 elementor-top-column elementor-element elementor-element-82797fa\" data-id=\"82797fa\" data-element_type=\"column\">\n\t\t\t<div class=\"elementor-widget-wrap elementor-element-populated\">\n\t\t\t\t\t\t\t\t<div class=\"elementor-element elementor-element-5c58948 elementor-widget elementor-widget-heading\" data-id=\"5c58948\" data-element_type=\"widget\" data-widget_type=\"heading.default\">\n\t\t\t\t<div class=\"elementor-widget-container\">\n\t\t\t<style>\/*! elementor - v3.14.0 - 18-06-2023 *\/\n.elementor-heading-title{padding:0;margin:0;line-height:1}.elementor-widget-heading .elementor-heading-title[class*=elementor-size-]>a{color:inherit;font-size:inherit;line-height:inherit}.elementor-widget-heading .elementor-heading-title.elementor-size-small{font-size:15px}.elementor-widget-heading .elementor-heading-title.elementor-size-medium{font-size:19px}.elementor-widget-heading .elementor-heading-title.elementor-size-large{font-size:29px}.elementor-widget-heading .elementor-heading-title.elementor-size-xl{font-size:39px}.elementor-widget-heading .elementor-heading-title.elementor-size-xxl{font-size:59px}<\/style><h2 class=\"elementor-heading-title elementor-size-default\">CALENDAR<\/h2>\t\t<\/div>\n\t\t\t\t<\/div>\n\t\t\t\t\t<\/div>\n\t\t<\/div>\n\t\t\t\t\t\t\t<\/div>\n\t\t<\/section>\n\t\t\t\t<section class=\"elementor-section elementor-top-section elementor-element elementor-element-8f8bd95 elementor-section-boxed elementor-section-height-default elementor-section-height-default\" data-id=\"8f8bd95\" data-element_type=\"section\">\n\t\t\t\t\t\t<div class=\"elementor-container elementor-column-gap-default\">\n\t\t\t\t\t<div class=\"elementor-column elementor-col-33 elementor-top-column elementor-element elementor-element-e6149a2\" data-id=\"e6149a2\" data-element_type=\"column\">\n\t\t\t<div class=\"elementor-widget-wrap elementor-element-populated\">\n\t\t\t\t\t\t\t\t<div class=\"elementor-element elementor-element-f497d01 elementor-widget__width-initial elementor-widget elementor-widget-text-editor\" data-id=\"f497d01\" data-element_type=\"widget\" data-widget_type=\"text-editor.default\">\n\t\t\t\t<div class=\"elementor-widget-container\">\n\t\t\t<style>\/*! elementor - v3.14.0 - 18-06-2023 *\/\n.elementor-widget-text-editor.elementor-drop-cap-view-stacked .elementor-drop-cap{background-color:#69727d;color:#fff}.elementor-widget-text-editor.elementor-drop-cap-view-framed .elementor-drop-cap{color:#69727d;border:3px solid;background-color:transparent}.elementor-widget-text-editor:not(.elementor-drop-cap-view-default) .elementor-drop-cap{margin-top:8px}.elementor-widget-text-editor:not(.elementor-drop-cap-view-default) .elementor-drop-cap-letter{width:1em;height:1em}.elementor-widget-text-editor .elementor-drop-cap{float:left;text-align:center;line-height:1;font-size:50px}.elementor-widget-text-editor .elementor-drop-cap-letter{display:inline-block}<\/style>\t\t\t\t<h2 class=\"elementor-heading-title elementor-size-default elementor-inline-editing pen\" contenteditable=\"true\" data-elementor-setting-key=\"title\" data-pen-placeholder=\"Type Here...\"><strong><span style=\"color: #00afef;\">Activitate<\/span><\/strong><\/h2><h4 style=\"text-align: left; color: #00afef;\"><strong>I. Campanie de informare \u0219i promovare \u00een r\u00e2ndul GT<\/strong><\/h4><h4 style=\"text-align: left; color: #00afef;\"><strong>II. \u00censcrierea candida\u021bilor<\/strong><\/h4><h4 style=\"text-align: left; color: #00afef;\"><strong>III. Verificarea, evaluarea \u0219i selec\u021bia candidaturilor<\/strong><\/h4><h4 style=\"text-align: left; color: #00afef;\"><strong>IV. Afi\u0219area listei de candida\u021bi declara\u021bi admi\u0219i<\/strong><\/h4><h4 style=\"text-align: left; color: #00afef;\"><strong>V. Contesta\u021bii<\/strong><\/h4><h4 style=\"text-align: left; color: #00afef;\"><strong>VI. Solu\u021bionarea contesta\u021biilor<\/strong><\/h4><h4 style=\"text-align: left; color: #00afef;\"><strong>VII. Afi\u0219area listei finale a candida\u021bilor declara\u021bi admi\u0219i<\/strong><\/h4><p>\u00a0<\/p>\t\t\t\t\t\t<\/div>\n\t\t\t\t<\/div>\n\t\t\t\t\t<\/div>\n\t\t<\/div>\n\t\t\t\t<div class=\"elementor-column elementor-col-33 elementor-top-column elementor-element elementor-element-b386ce4\" data-id=\"b386ce4\" data-element_type=\"column\">\n\t\t\t<div class=\"elementor-widget-wrap\">\n\t\t\t\t\t\t\t\t\t<\/div>\n\t\t<\/div>\n\t\t\t\t<div class=\"elementor-column elementor-col-33 elementor-top-column elementor-element elementor-element-286628d\" data-id=\"286628d\" data-element_type=\"column\">\n\t\t\t<div class=\"elementor-widget-wrap elementor-element-populated\">\n\t\t\t\t\t\t\t\t<div class=\"elementor-element elementor-element-acf7796 elementor-widget__width-initial elementor-widget elementor-widget-text-editor\" data-id=\"acf7796\" data-element_type=\"widget\" data-widget_type=\"text-editor.default\">\n\t\t\t\t<div class=\"elementor-widget-container\">\n\t\t\t\t\t\t\t<h2 class=\"elementor-heading-title elementor-size-default elementor-inline-editing pen\" style=\"text-align: left;\" contenteditable=\"true\" data-elementor-setting-key=\"title\" data-pen-placeholder=\"Type Here...\"><strong><span style=\"color: #00afef;\">Perioad\u0103<\/span><\/strong><\/h2><h4 style=\"text-align: left;\"><strong><span style=\"color: #00afef;\">I.\u00a0 \u00a0 \u00a003 &#8211; 05 martie 2025<\/span><\/strong><\/h4><h4 style=\"text-align: left;\"><strong> <span style=\"color: #00afef;\">II.\u00a0 05 \u2013 12 martie 2025<\/span><\/strong><\/h4><h4 style=\"text-align: left;\"><strong><span style=\"color: #00afef;\">III.\u00a0 13 \u2013 14 martie 2025<\/span><\/strong><\/h4><h4 style=\"text-align: left;\"><strong><span style=\"color: #00afef;\">IV.\u00a0 \u00a015 martie 2025<\/span><\/strong><\/h4><h4 style=\"text-align: left;\"><strong><span style=\"color: #00afef;\">V.\u00a0 \u00a017 martie 2025<\/span><\/strong><\/h4><h4 style=\"text-align: left;\"><strong><span style=\"color: #00afef;\">VI.\u00a0 \u00a018 martie 2025<\/span><\/strong><\/h4><h4 style=\"text-align: left;\"><strong><span style=\"color: #00afef;\">VII.\u00a0 \u00a019 martie 2025<\/span><\/strong><\/h4>\t\t\t\t\t\t<\/div>\n\t\t\t\t<\/div>\n\t\t\t\t\t<\/div>\n\t\t<\/div>\n\t\t\t\t\t\t\t<\/div>\n\t\t<\/section>\n\t\t\t\t<section class=\"elementor-section elementor-top-section elementor-element elementor-element-d11185f elementor-section-boxed elementor-section-height-default elementor-section-height-default\" data-id=\"d11185f\" data-element_type=\"section\">\n\t\t\t\t\t\t<div class=\"elementor-container elementor-column-gap-default\">\n\t\t\t\t\t<div class=\"elementor-column elementor-col-25 elementor-top-column elementor-element elementor-element-6ec40d1\" data-id=\"6ec40d1\" data-element_type=\"column\">\n\t\t\t<div class=\"elementor-widget-wrap elementor-element-populated\">\n\t\t\t\t\t\t\t\t<div class=\"elementor-element elementor-element-aa32dd0 elementor-widget__width-initial elementor-align-center elementor-widget elementor-widget-button\" data-id=\"aa32dd0\" data-element_type=\"widget\" data-widget_type=\"button.default\">\n\t\t\t\t<div class=\"elementor-widget-container\">\n\t\t\t\t\t<div class=\"elementor-button-wrapper\">\n\t\t\t<a class=\"elementor-button elementor-button-link elementor-size-sm\" href=\"https:\/\/euaic.pnrr.uaic.ro\/wp-content\/uploads\/2025\/03\/Lista-candidati-admisi_ECDL-avansat-afisat.pdf\">\n\t\t\t\t\t\t<span class=\"elementor-button-content-wrapper\">\n\t\t\t\t\t\t<span class=\"elementor-button-text\">List\u0103 candida\u021bi declara\u021bi admi\u0219i ECDL nivel avansat<\/span>\n\t\t<\/span>\n\t\t\t\t\t<\/a>\n\t\t<\/div>\n\t\t\t\t<\/div>\n\t\t\t\t<\/div>\n\t\t\t\t\t<\/div>\n\t\t<\/div>\n\t\t\t\t<div class=\"elementor-column elementor-col-25 elementor-top-column elementor-element elementor-element-fbd75ad\" data-id=\"fbd75ad\" data-element_type=\"column\">\n\t\t\t<div class=\"elementor-widget-wrap elementor-element-populated\">\n\t\t\t\t\t\t\t\t<div class=\"elementor-element elementor-element-befb6fe elementor-widget__width-initial elementor-align-center elementor-widget elementor-widget-button\" data-id=\"befb6fe\" data-element_type=\"widget\" data-widget_type=\"button.default\">\n\t\t\t\t<div class=\"elementor-widget-container\">\n\t\t\t\t\t<div class=\"elementor-button-wrapper\">\n\t\t\t<a class=\"elementor-button elementor-button-link elementor-size-sm\" href=\"https:\/\/euaic.pnrr.uaic.ro\/wp-content\/uploads\/2025\/03\/Calendar-selectie-ECDL-avansat.docx\">\n\t\t\t\t\t\t<span class=\"elementor-button-content-wrapper\">\n\t\t\t\t\t\t<span class=\"elementor-button-text\">Calendar selectie ECDL nivel avansat<\/span>\n\t\t<\/span>\n\t\t\t\t\t<\/a>\n\t\t<\/div>\n\t\t\t\t<\/div>\n\t\t\t\t<\/div>\n\t\t\t\t\t<\/div>\n\t\t<\/div>\n\t\t\t\t<div class=\"elementor-column elementor-col-25 elementor-top-column elementor-element elementor-element-f5da3f2\" data-id=\"f5da3f2\" data-element_type=\"column\">\n\t\t\t<div class=\"elementor-widget-wrap elementor-element-populated\">\n\t\t\t\t\t\t\t\t<div class=\"elementor-element elementor-element-136f460 elementor-widget__width-initial elementor-align-center elementor-widget elementor-widget-button\" data-id=\"136f460\" data-element_type=\"widget\" data-widget_type=\"button.default\">\n\t\t\t\t<div class=\"elementor-widget-container\">\n\t\t\t\t\t<div class=\"elementor-button-wrapper\">\n\t\t\t<a class=\"elementor-button elementor-button-link elementor-size-sm\" href=\"https:\/\/euaic.pnrr.uaic.ro\/wp-content\/uploads\/2025\/03\/Detalii-curs-ECDL-avansat.pdf\">\n\t\t\t\t\t\t<span class=\"elementor-button-content-wrapper\">\n\t\t\t\t\t\t<span class=\"elementor-button-text\">Detalii curs ECDL nivel avansat<\/span>\n\t\t<\/span>\n\t\t\t\t\t<\/a>\n\t\t<\/div>\n\t\t\t\t<\/div>\n\t\t\t\t<\/div>\n\t\t\t\t\t<\/div>\n\t\t<\/div>\n\t\t\t\t<div class=\"elementor-column elementor-col-25 elementor-top-column elementor-element elementor-element-092b6b0\" data-id=\"092b6b0\" data-element_type=\"column\">\n\t\t\t<div class=\"elementor-widget-wrap elementor-element-populated\">\n\t\t\t\t\t\t\t\t<div class=\"elementor-element elementor-element-d245be7 elementor-widget__width-initial elementor-align-center elementor-widget elementor-widget-button\" data-id=\"d245be7\" data-element_type=\"widget\" data-widget_type=\"button.default\">\n\t\t\t\t<div class=\"elementor-widget-container\">\n\t\t\t\t\t<div class=\"elementor-button-wrapper\">\n\t\t\t<a class=\"elementor-button elementor-button-link elementor-size-sm\" href=\"https:\/\/euaic.pnrr.uaic.ro\/wp-content\/uploads\/2025\/03\/Extras-Metodologie-selectie-GT-ECDL-Avansat.pdf\">\n\t\t\t\t\t\t<span class=\"elementor-button-content-wrapper\">\n\t\t\t\t\t\t<span class=\"elementor-button-text\">Detalii: Extras Metodologie selectie GT ECDL<\/span>\n\t\t<\/span>\n\t\t\t\t\t<\/a>\n\t\t<\/div>\n\t\t\t\t<\/div>\n\t\t\t\t<\/div>\n\t\t\t\t\t<\/div>\n\t\t<\/div>\n\t\t\t\t\t\t\t<\/div>\n\t\t<\/section>\n\t\t\t\t<section class=\"elementor-section elementor-top-section elementor-element elementor-element-33b7891 elementor-section-boxed elementor-section-height-default elementor-section-height-default\" data-id=\"33b7891\" data-element_type=\"section\">\n\t\t\t\t\t\t<div class=\"elementor-container elementor-column-gap-default\">\n\t\t\t\t\t<div class=\"elementor-column elementor-col-100 elementor-top-column elementor-element elementor-element-a6a1f4c\" data-id=\"a6a1f4c\" data-element_type=\"column\">\n\t\t\t<div class=\"elementor-widget-wrap elementor-element-populated\">\n\t\t\t\t\t\t\t\t<div class=\"elementor-element elementor-element-f15e141 elementor-widget elementor-widget-text-editor\" data-id=\"f15e141\" data-element_type=\"widget\" data-widget_type=\"text-editor.default\">\n\t\t\t\t<div class=\"elementor-widget-container\">\n\t\t\t\t\t\t\t<h3 style=\"text-align: justify;\"><span style=\"color: #054164;\">Pentru \u00eenscrierea \u00een Grupul \u021bint\u0103 (GT) pentru programe de formare \u0219i certificare la nivel mediu ECDL, se vor trimite prin e-mail la formare.pnrr@uaic.ro, urm\u0103toarele documente (anexele se vor desc\u0103rca de <a style=\"color: #054164;\" href=\"https:\/\/euaic.pnrr.uaic.ro\/wp-content\/uploads\/2025\/03\/Anexe-de-completat-ECDL-avansat.docx\"><strong><span style=\"text-decoration: underline;\">aici<\/span><\/strong><\/a> \u0219i se vor trimite <span style=\"text-decoration: underline;\">semnate<\/span>):<\/span><\/h3><ul><li><h5 style=\"text-align: left;\"><span style=\"color: #0078f0;\"><strong>Formular de aplica\u021bie (Anexa 1a) ;<\/strong><\/span><\/h5><\/li><li><h5 style=\"text-align: left;\"><span style=\"color: #0078f0;\"><strong>Declara\u021bie disponibilitate de a participa la activit\u0103\u021bile proiectului (Anexa 2a); <\/strong><\/span><\/h5><\/li><li><h5 style=\"text-align: left;\"><span style=\"color: #0078f0;\"><strong>Copie dup\u0103 cartea de identitate;<\/strong><\/span><\/h5><\/li><li><h5 style=\"text-align: left;\"><span style=\"color: #0078f0;\"><strong>Acord de utilizare a datelor personale (Anexa 3a).<\/strong><\/span><\/h5><\/li><\/ul><h4 style=\"text-align: left;\"><span style=\"color: #ff00ff;\">V\u0103 rug\u0103m s\u0103 citi\u021bi toate detaliile \u00een metodologie!!<\/span><\/h4>\t\t\t\t\t\t<\/div>\n\t\t\t\t<\/div>\n\t\t\t\t\t<\/div>\n\t\t<\/div>\n\t\t\t\t\t\t\t<\/div>\n\t\t<\/section>\n\t\t\t\t\t\t\t<\/div>\n\t\t","protected":false},"excerpt":{"rendered":"<p>CALENDAR Activitate I. Campanie de informare \u0219i promovare \u00een r\u00e2ndul GT II. \u00censcrierea candida\u021bilor III. Verificarea, evaluarea \u0219i selec\u021bia candidaturilor IV. Afi\u0219area listei de candida\u021bi declara\u021bi admi\u0219i V. Contesta\u021bii VI. Solu\u021bionarea contesta\u021biilor VII. Afi\u0219area listei finale a candida\u021bilor declara\u021bi admi\u0219i \u00a0 Perioad\u0103 I.\u00a0 \u00a0 \u00a003 &#8211; 05 martie 2025 II.\u00a0 05 \u2013 12 martie 2025 [&hellip;]<\/p>\n","protected":false},"author":3,"featured_media":0,"parent":0,"menu_order":0,"comment_status":"closed","ping_status":"closed","template":"","meta":[],"_links":{"self":[{"href":"https:\/\/euaic.pnrr.uaic.ro\/index.php?rest_route=\/wp\/v2\/pages\/904"}],"collection":[{"href":"https:\/\/euaic.pnrr.uaic.ro\/index.php?rest_route=\/wp\/v2\/pages"}],"about":[{"href":"https:\/\/euaic.pnrr.uaic.ro\/index.php?rest_route=\/wp\/v2\/types\/page"}],"author":[{"embeddable":true,"href":"https:\/\/euaic.pnrr.uaic.ro\/index.php?rest_route=\/wp\/v2\/users\/3"}],"replies":[{"embeddable":true,"href":"https:\/\/euaic.pnrr.uaic.ro\/index.php?rest_route=%2Fwp%2Fv2%2Fcomments&post=904"}],"version-history":[{"count":78,"href":"https:\/\/euaic.pnrr.uaic.ro\/index.php?rest_route=\/wp\/v2\/pages\/904\/revisions"}],"predecessor-version":[{"id":1018,"href":"https:\/\/euaic.pnrr.uaic.ro\/index.php?rest_route=\/wp\/v2\/pages\/904\/revisions\/1018"}],"wp:attachment":[{"href":"https:\/\/euaic.pnrr.uaic.ro\/index.php?rest_route=%2Fwp%2Fv2%2Fmedia&parent=904"}],"curies":[{"name":"wp","href":"https:\/\/api.w.org\/{rel}","templated":true}]}}