{"id":756,"date":"2024-09-25T11:41:16","date_gmt":"2024-09-25T08:41:16","guid":{"rendered":"https:\/\/euaic.pnrr.uaic.ro\/?page_id=756"},"modified":"2024-10-10T14:08:35","modified_gmt":"2024-10-10T11:08:35","slug":"dezvoltator-de-elearning-pe-platforma-moodle-sesiunea-ii","status":"publish","type":"page","link":"https:\/\/euaic.pnrr.uaic.ro\/?page_id=756","title":{"rendered":"Dezvoltator de eLearning pe platforma Moodle (Sesiunea II)"},"content":{"rendered":"\t\t<div data-elementor-type=\"wp-page\" data-elementor-id=\"756\" class=\"elementor elementor-756\">\n\t\t\t\t\t\t\t\t\t<section class=\"elementor-section elementor-top-section elementor-element elementor-element-04458d9 elementor-section-boxed elementor-section-height-default elementor-section-height-default\" data-id=\"04458d9\" data-element_type=\"section\">\n\t\t\t\t\t\t<div class=\"elementor-container elementor-column-gap-default\">\n\t\t\t\t\t<div class=\"elementor-column elementor-col-100 elementor-top-column elementor-element elementor-element-63f30fc\" data-id=\"63f30fc\" data-element_type=\"column\">\n\t\t\t<div class=\"elementor-widget-wrap elementor-element-populated\">\n\t\t\t\t\t\t\t\t<div class=\"elementor-element elementor-element-efbfe58 elementor-widget elementor-widget-text-editor\" data-id=\"efbfe58\" data-element_type=\"widget\" data-widget_type=\"text-editor.default\">\n\t\t\t\t<div class=\"elementor-widget-container\">\n\t\t\t<style>\/*! elementor - v3.14.0 - 18-06-2023 *\/\n.elementor-widget-text-editor.elementor-drop-cap-view-stacked .elementor-drop-cap{background-color:#69727d;color:#fff}.elementor-widget-text-editor.elementor-drop-cap-view-framed .elementor-drop-cap{color:#69727d;border:3px solid;background-color:transparent}.elementor-widget-text-editor:not(.elementor-drop-cap-view-default) .elementor-drop-cap{margin-top:8px}.elementor-widget-text-editor:not(.elementor-drop-cap-view-default) .elementor-drop-cap-letter{width:1em;height:1em}.elementor-widget-text-editor .elementor-drop-cap{float:left;text-align:center;line-height:1;font-size:50px}.elementor-widget-text-editor .elementor-drop-cap-letter{display:inline-block}<\/style>\t\t\t\t<h3 style=\"text-align: center;\"><strong><span style=\"color: #580c6b;\">CALENDAR DE SELEC\u021aIE<\/span><\/strong><\/h3>\t\t\t\t\t\t<\/div>\n\t\t\t\t<\/div>\n\t\t\t\t\t<\/div>\n\t\t<\/div>\n\t\t\t\t\t\t\t<\/div>\n\t\t<\/section>\n\t\t\t\t<section class=\"elementor-section elementor-top-section elementor-element elementor-element-0ecb152 elementor-section-boxed elementor-section-height-default elementor-section-height-default\" data-id=\"0ecb152\" data-element_type=\"section\">\n\t\t\t\t\t\t<div class=\"elementor-container elementor-column-gap-default\">\n\t\t\t\t\t<div class=\"elementor-column elementor-col-50 elementor-top-column elementor-element elementor-element-61872d0\" data-id=\"61872d0\" data-element_type=\"column\">\n\t\t\t<div class=\"elementor-widget-wrap elementor-element-populated\">\n\t\t\t\t\t\t\t\t<div class=\"elementor-element elementor-element-52f6f43 elementor-widget elementor-widget-text-editor\" data-id=\"52f6f43\" data-element_type=\"widget\" data-widget_type=\"text-editor.default\">\n\t\t\t\t<div class=\"elementor-widget-container\">\n\t\t\t\t\t\t\t<h3 style=\"text-align: left;\"><span style=\"color: #06065e;\"><strong>Activitate<\/strong><\/span><\/h3><h4 style=\"text-align: left;\"><span style=\"color: #3f3f91;\">I.\u00a0 Campanie de informare s\u0326i promovare i\u0302n ra\u0302ndul GT<br \/>II.\u00a0 I\u0302nscrierea candidat\u0326ilor<br \/>III. Verificarea, evaluarea s\u0326i select\u0326ia candidaturilor<br \/>IV.\u00a0 Afis\u0326area listei de candidat\u0326i declarat\u0326i admis\u0326i<br \/>V.\u00a0 \u00a0Contestat\u0326ii<br \/>VI.\u00a0 Solut\u0326ionarea contestat\u0326iilor<br \/>VII. Afis\u0326area listei finale a candidat\u0326ilor declarat\u0326i admis\u0326i<\/span><\/h4>\t\t\t\t\t\t<\/div>\n\t\t\t\t<\/div>\n\t\t\t\t\t<\/div>\n\t\t<\/div>\n\t\t\t\t<div class=\"elementor-column elementor-col-50 elementor-top-column elementor-element elementor-element-fb68644\" data-id=\"fb68644\" data-element_type=\"column\">\n\t\t\t<div class=\"elementor-widget-wrap elementor-element-populated\">\n\t\t\t\t\t\t\t\t<div class=\"elementor-element elementor-element-f668fb9 elementor-widget elementor-widget-text-editor\" data-id=\"f668fb9\" data-element_type=\"widget\" data-widget_type=\"text-editor.default\">\n\t\t\t\t<div class=\"elementor-widget-container\">\n\t\t\t\t\t\t\t<h3 style=\"text-align: left;\"><span style=\"color: #06065e;\"><strong>Perioad\u0103<\/strong><\/span><\/h3><h4 style=\"text-align: left;\"><span style=\"color: #3f3f91;\">I.\u00a0 \u00a0 23 \u2013 26 septembrie 2024<br \/>II.\u00a0 \u00a026 septembrie \u2013 08 octombrie 2024<br \/>III.\u00a0 09 \u2013 10 octombrie 2024<br \/>IV.\u00a0 10 octombrie 2024<br \/>V.\u00a0 \u00a011 octombrie 2024<br \/>VI.\u00a0 12 octombrie 2024<br \/>VII. 12 octombrie 2024<\/span><\/h4>\t\t\t\t\t\t<\/div>\n\t\t\t\t<\/div>\n\t\t\t\t\t<\/div>\n\t\t<\/div>\n\t\t\t\t\t\t\t<\/div>\n\t\t<\/section>\n\t\t\t\t<section class=\"elementor-section elementor-top-section elementor-element elementor-element-d12d280 elementor-section-boxed elementor-section-height-default elementor-section-height-default\" data-id=\"d12d280\" data-element_type=\"section\">\n\t\t\t\t\t\t<div class=\"elementor-container elementor-column-gap-default\">\n\t\t\t\t\t<div class=\"elementor-column elementor-col-25 elementor-top-column elementor-element elementor-element-94b6573\" data-id=\"94b6573\" data-element_type=\"column\">\n\t\t\t<div class=\"elementor-widget-wrap elementor-element-populated\">\n\t\t\t\t\t\t\t\t<div class=\"elementor-element elementor-element-11d2fb3 elementor-widget__width-initial elementor-widget elementor-widget-button\" data-id=\"11d2fb3\" data-element_type=\"widget\" data-widget_type=\"button.default\">\n\t\t\t\t<div class=\"elementor-widget-container\">\n\t\t\t\t\t<div class=\"elementor-button-wrapper\">\n\t\t\t<a class=\"elementor-button elementor-button-link elementor-size-xs\" href=\"https:\/\/euaic.pnrr.uaic.ro\/wp-content\/uploads\/2024\/10\/Lista-candidati-ADMISI_Dezvoltator-de-eLearning-pe-platforma-Moodle-Sesiunea-II.pdf\">\n\t\t\t\t\t\t<span class=\"elementor-button-content-wrapper\">\n\t\t\t\t\t\t<span class=\"elementor-button-text\">List\u0103 candida\u021bi Admi\u0219i Dezvoltator de eLearning pe platforma Moodle (Sesiunea II)<\/span>\n\t\t<\/span>\n\t\t\t\t\t<\/a>\n\t\t<\/div>\n\t\t\t\t<\/div>\n\t\t\t\t<\/div>\n\t\t\t\t\t<\/div>\n\t\t<\/div>\n\t\t\t\t<div class=\"elementor-column elementor-col-25 elementor-top-column elementor-element elementor-element-b63b39f\" data-id=\"b63b39f\" data-element_type=\"column\">\n\t\t\t<div class=\"elementor-widget-wrap elementor-element-populated\">\n\t\t\t\t\t\t\t\t<div class=\"elementor-element elementor-element-789e561 elementor-widget__width-initial elementor-widget elementor-widget-button\" data-id=\"789e561\" data-element_type=\"widget\" data-widget_type=\"button.default\">\n\t\t\t\t<div class=\"elementor-widget-container\">\n\t\t\t\t\t<div class=\"elementor-button-wrapper\">\n\t\t\t<a class=\"elementor-button elementor-button-link elementor-size-xs\" href=\"https:\/\/euaic.pnrr.uaic.ro\/wp-content\/uploads\/2024\/10\/Calendar-selectie-Dezvoltator-Elearning-sep-prelungire.docx\">\n\t\t\t\t\t\t<span class=\"elementor-button-content-wrapper\">\n\t\t\t\t\t\t<span class=\"elementor-button-text\">Vizualizare Calendar de Selec\u021bie Dezvoltator de eLearning pe platforma Moodle<\/span>\n\t\t<\/span>\n\t\t\t\t\t<\/a>\n\t\t<\/div>\n\t\t\t\t<\/div>\n\t\t\t\t<\/div>\n\t\t\t\t\t<\/div>\n\t\t<\/div>\n\t\t\t\t<div class=\"elementor-column elementor-col-25 elementor-top-column elementor-element elementor-element-7b3ea8c\" data-id=\"7b3ea8c\" data-element_type=\"column\">\n\t\t\t<div class=\"elementor-widget-wrap elementor-element-populated\">\n\t\t\t\t\t\t\t\t<div class=\"elementor-element elementor-element-60d4330 elementor-widget__width-initial elementor-widget elementor-widget-button\" data-id=\"60d4330\" data-element_type=\"widget\" data-widget_type=\"button.default\">\n\t\t\t\t<div class=\"elementor-widget-container\">\n\t\t\t\t\t<div class=\"elementor-button-wrapper\">\n\t\t\t<a class=\"elementor-button elementor-button-link elementor-size-xs\" href=\"https:\/\/euaic.pnrr.uaic.ro\/wp-content\/uploads\/2024\/09\/Extras-metodologie-Dezvoltator-Elearning-1.pdf\">\n\t\t\t\t\t\t<span class=\"elementor-button-content-wrapper\">\n\t\t\t\t\t\t<span class=\"elementor-button-text\">Detalii Extras Metodologie  Dezvoltator de eLearning pe platforma Moodle<\/span>\n\t\t<\/span>\n\t\t\t\t\t<\/a>\n\t\t<\/div>\n\t\t\t\t<\/div>\n\t\t\t\t<\/div>\n\t\t\t\t\t<\/div>\n\t\t<\/div>\n\t\t\t\t<div class=\"elementor-column elementor-col-25 elementor-top-column elementor-element elementor-element-1926a38\" data-id=\"1926a38\" data-element_type=\"column\">\n\t\t\t<div class=\"elementor-widget-wrap elementor-element-populated\">\n\t\t\t\t\t\t\t\t<div class=\"elementor-element elementor-element-11ca6f0 elementor-widget__width-initial elementor-widget elementor-widget-button\" data-id=\"11ca6f0\" data-element_type=\"widget\" data-widget_type=\"button.default\">\n\t\t\t\t<div class=\"elementor-widget-container\">\n\t\t\t\t\t<div class=\"elementor-button-wrapper\">\n\t\t\t<a class=\"elementor-button elementor-button-link elementor-size-xs\" href=\"https:\/\/euaic.pnrr.uaic.ro\/wp-content\/uploads\/2024\/09\/Detalii-curs-Dezvoltator-de-eLearning-pe-platforma-Moodle-1.pdf\">\n\t\t\t\t\t\t<span class=\"elementor-button-content-wrapper\">\n\t\t\t\t\t\t<span class=\"elementor-button-text\">Detalii curs Dezvoltator de eLearning pe platforma Moodle<\/span>\n\t\t<\/span>\n\t\t\t\t\t<\/a>\n\t\t<\/div>\n\t\t\t\t<\/div>\n\t\t\t\t<\/div>\n\t\t\t\t\t<\/div>\n\t\t<\/div>\n\t\t\t\t\t\t\t<\/div>\n\t\t<\/section>\n\t\t\t\t<section class=\"elementor-section elementor-top-section elementor-element elementor-element-94b0201 elementor-section-boxed elementor-section-height-default elementor-section-height-default\" data-id=\"94b0201\" data-element_type=\"section\">\n\t\t\t\t\t\t<div class=\"elementor-container elementor-column-gap-default\">\n\t\t\t\t\t<div class=\"elementor-column elementor-col-33 elementor-top-column elementor-element elementor-element-9ed859f\" data-id=\"9ed859f\" data-element_type=\"column\">\n\t\t\t<div class=\"elementor-widget-wrap\">\n\t\t\t\t\t\t\t\t\t<\/div>\n\t\t<\/div>\n\t\t\t\t<div class=\"elementor-column elementor-col-33 elementor-top-column elementor-element elementor-element-453a4fb\" data-id=\"453a4fb\" data-element_type=\"column\">\n\t\t\t<div class=\"elementor-widget-wrap\">\n\t\t\t\t\t\t\t\t\t<\/div>\n\t\t<\/div>\n\t\t\t\t<div class=\"elementor-column elementor-col-33 elementor-top-column elementor-element elementor-element-2b189c7\" data-id=\"2b189c7\" data-element_type=\"column\">\n\t\t\t<div class=\"elementor-widget-wrap\">\n\t\t\t\t\t\t\t\t\t<\/div>\n\t\t<\/div>\n\t\t\t\t\t\t\t<\/div>\n\t\t<\/section>\n\t\t\t\t<section class=\"elementor-section elementor-top-section elementor-element elementor-element-cd73d65 elementor-section-boxed elementor-section-height-default elementor-section-height-default\" data-id=\"cd73d65\" data-element_type=\"section\">\n\t\t\t\t\t\t<div class=\"elementor-container elementor-column-gap-default\">\n\t\t\t\t\t<div class=\"elementor-column elementor-col-100 elementor-top-column elementor-element elementor-element-4d067d2\" data-id=\"4d067d2\" data-element_type=\"column\">\n\t\t\t<div class=\"elementor-widget-wrap elementor-element-populated\">\n\t\t\t\t\t\t\t\t<div class=\"elementor-element elementor-element-27de600 elementor-widget elementor-widget-text-editor\" data-id=\"27de600\" data-element_type=\"widget\" data-widget_type=\"text-editor.default\">\n\t\t\t\t<div class=\"elementor-widget-container\">\n\t\t\t\t\t\t\t<p><span style=\"color: #0055ff; text-align: justify; font-family: var( --e-global-typography-text-font-family ), Sans-serif; font-weight: var( --e-global-typography-text-font-weight );\">Persoanele interesate sa\u0306 participe la activitatea de formare &#8211; Dezvoltator de eLearning pe platforma Moodle, care i\u0302ndeplinesc criteriile de select\u0326ie i\u0302s\u0326i vor depune candidatura, i\u0302n format electronic, la adresa de e-mail formare.pnrr@uaic.ro.<\/span><\/p><h4 style=\"text-align: justify;\"><span style=\"color: #0055ff;\">Pentru i\u0302nscrierea i\u0302n\u00a0 Grupul t\u0326inta\u0306 (GT) pentru activitatea de formare &#8211; Dezvoltator de eLearning pe platforma Moodle se vor completa, semna s\u0326i transmite, prin e-mail la formare.pnrr@uaic.ro, urma\u0306toarele documente (anexele se vor desc\u0103rca de\u00a0<span style=\"color: #ff00ff;\"><span style=\"text-decoration-line: underline;\"><a style=\"color: #ff00ff;\" href=\"https:\/\/euaic.pnrr.uaic.ro\/wp-content\/uploads\/2024\/09\/Anexe-de-completat-Dezvoltator-eLearning-1.docx\" target=\"_blank\" rel=\"noopener\">aici<\/a><\/span>\u00a0<\/span>\u0219i se vor trimite\u00a0semnate):<\/span><\/h4><ul><li style=\"text-align: justify;\"><strong><span style=\"color: #800080;\">Formular de aplicat\u0326ie (Anexa 1b);<\/span><\/strong><\/li><li style=\"text-align: justify;\"><strong><span style=\"color: #800080;\">Declarat\u0326ie disponibilitate de a participa la activita\u0306t\u0326ile proiectului (Anexa 2b);<\/span><\/strong><\/li><li style=\"text-align: justify;\"><strong><span style=\"color: #800080;\">Copie dupa\u0306 cartea de identitate;<\/span><\/strong><\/li><li style=\"text-align: justify;\"><strong><span style=\"color: #800080;\">Acord de utilizare a datelor personale (Anexa 3b).\u00a0<\/span><\/strong><\/li><\/ul><h4><span style=\"color: #ff00ff; text-align: justify;\">V\u0103 rug\u0103m s\u0103 citi\u021bi toate detaliile \u00een metodologie.<\/span><\/h4>\t\t\t\t\t\t<\/div>\n\t\t\t\t<\/div>\n\t\t\t\t\t<\/div>\n\t\t<\/div>\n\t\t\t\t\t\t\t<\/div>\n\t\t<\/section>\n\t\t\t\t\t\t\t<\/div>\n\t\t","protected":false},"excerpt":{"rendered":"<p>CALENDAR DE SELEC\u021aIE Activitate I.\u00a0 Campanie de informare s\u0326i promovare i\u0302n ra\u0302ndul GTII.\u00a0 I\u0302nscrierea candidat\u0326ilorIII. Verificarea, evaluarea s\u0326i select\u0326ia candidaturilorIV.\u00a0 Afis\u0326area listei de candidat\u0326i declarat\u0326i admis\u0326iV.\u00a0 \u00a0Contestat\u0326iiVI.\u00a0 Solut\u0326ionarea contestat\u0326iilorVII. Afis\u0326area listei finale a candidat\u0326ilor declarat\u0326i admis\u0326i Perioad\u0103 I.\u00a0 \u00a0 23 \u2013 26 septembrie 2024II.\u00a0 \u00a026 septembrie \u2013 08 octombrie 2024III.\u00a0 09 \u2013 10 octombrie 2024IV.\u00a0 [&hellip;]<\/p>\n","protected":false},"author":3,"featured_media":0,"parent":0,"menu_order":0,"comment_status":"closed","ping_status":"closed","template":"","meta":[],"_links":{"self":[{"href":"https:\/\/euaic.pnrr.uaic.ro\/index.php?rest_route=\/wp\/v2\/pages\/756"}],"collection":[{"href":"https:\/\/euaic.pnrr.uaic.ro\/index.php?rest_route=\/wp\/v2\/pages"}],"about":[{"href":"https:\/\/euaic.pnrr.uaic.ro\/index.php?rest_route=\/wp\/v2\/types\/page"}],"author":[{"embeddable":true,"href":"https:\/\/euaic.pnrr.uaic.ro\/index.php?rest_route=\/wp\/v2\/users\/3"}],"replies":[{"embeddable":true,"href":"https:\/\/euaic.pnrr.uaic.ro\/index.php?rest_route=%2Fwp%2Fv2%2Fcomments&post=756"}],"version-history":[{"count":34,"href":"https:\/\/euaic.pnrr.uaic.ro\/index.php?rest_route=\/wp\/v2\/pages\/756\/revisions"}],"predecessor-version":[{"id":863,"href":"https:\/\/euaic.pnrr.uaic.ro\/index.php?rest_route=\/wp\/v2\/pages\/756\/revisions\/863"}],"wp:attachment":[{"href":"https:\/\/euaic.pnrr.uaic.ro\/index.php?rest_route=%2Fwp%2Fv2%2Fmedia&parent=756"}],"curies":[{"name":"wp","href":"https:\/\/api.w.org\/{rel}","templated":true}]}}