{"id":350,"date":"2024-03-04T09:53:26","date_gmt":"2024-03-04T07:53:26","guid":{"rendered":"https:\/\/euaic.pnrr.uaic.ro\/?page_id=350"},"modified":"2024-03-22T09:47:47","modified_gmt":"2024-03-22T07:47:47","slug":"dezvoltator-de-elearning-pe-platforma-moodle","status":"publish","type":"page","link":"https:\/\/euaic.pnrr.uaic.ro\/?page_id=350","title":{"rendered":"Dezvoltator de eLearning pe platforma Moodle"},"content":{"rendered":"\t\t<div data-elementor-type=\"wp-page\" data-elementor-id=\"350\" class=\"elementor elementor-350\">\n\t\t\t\t\t\t\t\t\t<section class=\"elementor-section elementor-top-section elementor-element elementor-element-0370050 elementor-section-boxed elementor-section-height-default elementor-section-height-default\" data-id=\"0370050\" data-element_type=\"section\">\n\t\t\t\t\t\t<div class=\"elementor-container elementor-column-gap-default\">\n\t\t\t\t\t<div class=\"elementor-column elementor-col-100 elementor-top-column elementor-element elementor-element-70cea29\" data-id=\"70cea29\" data-element_type=\"column\">\n\t\t\t<div class=\"elementor-widget-wrap elementor-element-populated\">\n\t\t\t\t\t\t\t\t<div class=\"elementor-element elementor-element-89b88db elementor-widget elementor-widget-text-editor\" data-id=\"89b88db\" data-element_type=\"widget\" data-widget_type=\"text-editor.default\">\n\t\t\t\t<div class=\"elementor-widget-container\">\n\t\t\t<style>\/*! elementor - v3.14.0 - 18-06-2023 *\/\n.elementor-widget-text-editor.elementor-drop-cap-view-stacked .elementor-drop-cap{background-color:#69727d;color:#fff}.elementor-widget-text-editor.elementor-drop-cap-view-framed .elementor-drop-cap{color:#69727d;border:3px solid;background-color:transparent}.elementor-widget-text-editor:not(.elementor-drop-cap-view-default) .elementor-drop-cap{margin-top:8px}.elementor-widget-text-editor:not(.elementor-drop-cap-view-default) .elementor-drop-cap-letter{width:1em;height:1em}.elementor-widget-text-editor .elementor-drop-cap{float:left;text-align:center;line-height:1;font-size:50px}.elementor-widget-text-editor .elementor-drop-cap-letter{display:inline-block}<\/style>\t\t\t\t<h3 style=\"text-align: center;\"><strong><span style=\"color: #580c6b;\">CALENDAR DE SELEC\u021aIE<\/span><\/strong><\/h3>\t\t\t\t\t\t<\/div>\n\t\t\t\t<\/div>\n\t\t\t\t\t<\/div>\n\t\t<\/div>\n\t\t\t\t\t\t\t<\/div>\n\t\t<\/section>\n\t\t\t\t<section class=\"elementor-section elementor-top-section elementor-element elementor-element-1bf1eed elementor-section-boxed elementor-section-height-default elementor-section-height-default\" data-id=\"1bf1eed\" data-element_type=\"section\">\n\t\t\t\t\t\t<div class=\"elementor-container elementor-column-gap-default\">\n\t\t\t\t\t<div class=\"elementor-column elementor-col-50 elementor-top-column elementor-element elementor-element-57998e2\" data-id=\"57998e2\" data-element_type=\"column\">\n\t\t\t<div class=\"elementor-widget-wrap elementor-element-populated\">\n\t\t\t\t\t\t\t\t<div class=\"elementor-element elementor-element-6130cd4 elementor-widget elementor-widget-text-editor\" data-id=\"6130cd4\" data-element_type=\"widget\" data-widget_type=\"text-editor.default\">\n\t\t\t\t<div class=\"elementor-widget-container\">\n\t\t\t\t\t\t\t<h3 style=\"text-align: left;\"><span style=\"color: #06065e;\"><strong>Activitate<\/strong><\/span><\/h3><h4 style=\"text-align: left;\"><span style=\"color: #3f3f91;\">I.\u00a0 Campanie de informare s\u0326i promovare i\u0302n ra\u0302ndul GT<br \/>II.\u00a0 I\u0302nscrierea candidat\u0326ilor<br \/>III. Verificarea, evaluarea s\u0326i select\u0326ia candidaturilor<br \/>IV.\u00a0 Afis\u0326area listei de candidat\u0326i declarat\u0326i admis\u0326i<br \/>V.\u00a0 \u00a0Contestat\u0326ii<br \/>VI.\u00a0 Solut\u0326ionarea contestat\u0326iilor<br \/>VII. Afis\u0326area listei finale a candidat\u0326ilor declarat\u0326i admis\u0326i<\/span><\/h4>\t\t\t\t\t\t<\/div>\n\t\t\t\t<\/div>\n\t\t\t\t\t<\/div>\n\t\t<\/div>\n\t\t\t\t<div class=\"elementor-column elementor-col-50 elementor-top-column elementor-element elementor-element-8abf159\" data-id=\"8abf159\" data-element_type=\"column\">\n\t\t\t<div class=\"elementor-widget-wrap elementor-element-populated\">\n\t\t\t\t\t\t\t\t<div class=\"elementor-element elementor-element-b0ad198 elementor-widget elementor-widget-text-editor\" data-id=\"b0ad198\" data-element_type=\"widget\" data-widget_type=\"text-editor.default\">\n\t\t\t\t<div class=\"elementor-widget-container\">\n\t\t\t\t\t\t\t<h3 style=\"text-align: left;\"><span style=\"color: #06065e;\"><strong>Perioad\u0103<\/strong><\/span><\/h3><h4 style=\"text-align: left;\"><span style=\"color: #3f3f91;\">I.\u00a0 \u00a0 04 \u2013 10 martie 2024<br \/>II.\u00a0 \u00a010 \u2013 20 martie 2024<br \/>III.\u00a0 21 \u2013 22 martie 2024<br \/>IV.\u00a0 \u00a023 martie 2024<br \/>V.\u00a0 \u00a0 25 martie 2024 <br \/>VI.\u00a0 \u00a026 martie 2024<br \/>VII.\u00a0 27 martie 2024<\/span><\/h4><p>\u00a0<\/p>\t\t\t\t\t\t<\/div>\n\t\t\t\t<\/div>\n\t\t\t\t\t<\/div>\n\t\t<\/div>\n\t\t\t\t\t\t\t<\/div>\n\t\t<\/section>\n\t\t\t\t<section class=\"elementor-section elementor-top-section elementor-element elementor-element-623ae78 elementor-section-boxed elementor-section-height-default elementor-section-height-default\" data-id=\"623ae78\" data-element_type=\"section\">\n\t\t\t\t\t\t<div class=\"elementor-container elementor-column-gap-default\">\n\t\t\t\t\t<div class=\"elementor-column elementor-col-33 elementor-top-column elementor-element elementor-element-da9f45c\" data-id=\"da9f45c\" data-element_type=\"column\">\n\t\t\t<div class=\"elementor-widget-wrap\">\n\t\t\t\t\t\t\t\t\t<\/div>\n\t\t<\/div>\n\t\t\t\t<div class=\"elementor-column elementor-col-33 elementor-top-column elementor-element elementor-element-2270eed\" data-id=\"2270eed\" data-element_type=\"column\">\n\t\t\t<div class=\"elementor-widget-wrap\">\n\t\t\t\t\t\t\t\t\t<\/div>\n\t\t<\/div>\n\t\t\t\t<div class=\"elementor-column elementor-col-33 elementor-top-column elementor-element elementor-element-8f2933a\" data-id=\"8f2933a\" data-element_type=\"column\">\n\t\t\t<div class=\"elementor-widget-wrap\">\n\t\t\t\t\t\t\t\t\t<\/div>\n\t\t<\/div>\n\t\t\t\t\t\t\t<\/div>\n\t\t<\/section>\n\t\t\t\t<section class=\"elementor-section elementor-top-section elementor-element elementor-element-bfebf17 elementor-section-boxed elementor-section-height-default elementor-section-height-default\" data-id=\"bfebf17\" data-element_type=\"section\">\n\t\t\t\t\t\t<div class=\"elementor-container elementor-column-gap-default\">\n\t\t\t\t\t<div class=\"elementor-column elementor-col-25 elementor-top-column elementor-element elementor-element-8e8db7e\" data-id=\"8e8db7e\" data-element_type=\"column\">\n\t\t\t<div class=\"elementor-widget-wrap elementor-element-populated\">\n\t\t\t\t\t\t\t\t<div class=\"elementor-element elementor-element-273947f elementor-widget__width-initial elementor-widget elementor-widget-button\" data-id=\"273947f\" data-element_type=\"widget\" data-widget_type=\"button.default\">\n\t\t\t\t<div class=\"elementor-widget-container\">\n\t\t\t\t\t<div class=\"elementor-button-wrapper\">\n\t\t\t<a class=\"elementor-button elementor-button-link elementor-size-xs\" href=\"https:\/\/euaic.pnrr.uaic.ro\/wp-content\/uploads\/2024\/03\/Lista-candidati-ADMISI_Dezvoltator-de-eLearning-pe-platforma-Moodle.pdf\">\n\t\t\t\t\t\t<span class=\"elementor-button-content-wrapper\">\n\t\t\t\t\t\t<span class=\"elementor-button-text\">List\u0103 candida\u021bi admi\u0219i dezvoltator eLearning pe platforma Moodle<\/span>\n\t\t<\/span>\n\t\t\t\t\t<\/a>\n\t\t<\/div>\n\t\t\t\t<\/div>\n\t\t\t\t<\/div>\n\t\t\t\t\t<\/div>\n\t\t<\/div>\n\t\t\t\t<div class=\"elementor-column elementor-col-25 elementor-top-column elementor-element elementor-element-1a899c8\" data-id=\"1a899c8\" data-element_type=\"column\">\n\t\t\t<div class=\"elementor-widget-wrap elementor-element-populated\">\n\t\t\t\t\t\t\t\t<div class=\"elementor-element elementor-element-b1165d4 elementor-widget__width-initial elementor-widget elementor-widget-button\" data-id=\"b1165d4\" data-element_type=\"widget\" data-widget_type=\"button.default\">\n\t\t\t\t<div class=\"elementor-widget-container\">\n\t\t\t\t\t<div class=\"elementor-button-wrapper\">\n\t\t\t<a class=\"elementor-button elementor-button-link elementor-size-xs\" href=\"https:\/\/euaic.pnrr.uaic.ro\/wp-content\/uploads\/2024\/03\/Calendar-selectie-Dezvoltator-Elearning-v2.pdf\">\n\t\t\t\t\t\t<span class=\"elementor-button-content-wrapper\">\n\t\t\t\t\t\t<span class=\"elementor-button-text\">Vizualizare Calendar de Selec\u021bie Dezvoltator de eLearning pe platforma Moodle<\/span>\n\t\t<\/span>\n\t\t\t\t\t<\/a>\n\t\t<\/div>\n\t\t\t\t<\/div>\n\t\t\t\t<\/div>\n\t\t\t\t\t<\/div>\n\t\t<\/div>\n\t\t\t\t<div class=\"elementor-column elementor-col-25 elementor-top-column elementor-element elementor-element-8afb0d4\" data-id=\"8afb0d4\" data-element_type=\"column\">\n\t\t\t<div class=\"elementor-widget-wrap elementor-element-populated\">\n\t\t\t\t\t\t\t\t<div class=\"elementor-element elementor-element-92cb560 elementor-widget__width-initial elementor-widget elementor-widget-button\" data-id=\"92cb560\" data-element_type=\"widget\" data-widget_type=\"button.default\">\n\t\t\t\t<div class=\"elementor-widget-container\">\n\t\t\t\t\t<div class=\"elementor-button-wrapper\">\n\t\t\t<a class=\"elementor-button elementor-button-link elementor-size-xs\" href=\"https:\/\/euaic.pnrr.uaic.ro\/wp-content\/uploads\/2024\/03\/Extras-metodologie-Dezvoltator-Elearning-1.pdf\">\n\t\t\t\t\t\t<span class=\"elementor-button-content-wrapper\">\n\t\t\t\t\t\t<span class=\"elementor-button-text\">Detalii Extras Metodologie  Dezvoltator de eLearning pe platforma Moodle<\/span>\n\t\t<\/span>\n\t\t\t\t\t<\/a>\n\t\t<\/div>\n\t\t\t\t<\/div>\n\t\t\t\t<\/div>\n\t\t\t\t\t<\/div>\n\t\t<\/div>\n\t\t\t\t<div class=\"elementor-column elementor-col-25 elementor-top-column elementor-element elementor-element-8946d74\" data-id=\"8946d74\" data-element_type=\"column\">\n\t\t\t<div class=\"elementor-widget-wrap elementor-element-populated\">\n\t\t\t\t\t\t\t\t<div class=\"elementor-element elementor-element-982f3d4 elementor-widget__width-initial elementor-widget elementor-widget-button\" data-id=\"982f3d4\" data-element_type=\"widget\" data-widget_type=\"button.default\">\n\t\t\t\t<div class=\"elementor-widget-container\">\n\t\t\t\t\t<div class=\"elementor-button-wrapper\">\n\t\t\t<a class=\"elementor-button elementor-button-link elementor-size-xs\" href=\"https:\/\/euaic.pnrr.uaic.ro\/wp-content\/uploads\/2024\/03\/Detalii-curs-Dezvoltator-de-eLearning-pe-platforma-Moodle.pdf\">\n\t\t\t\t\t\t<span class=\"elementor-button-content-wrapper\">\n\t\t\t\t\t\t<span class=\"elementor-button-text\">Detalii curs Dezvoltator de eLearning pe platforma Moodle<\/span>\n\t\t<\/span>\n\t\t\t\t\t<\/a>\n\t\t<\/div>\n\t\t\t\t<\/div>\n\t\t\t\t<\/div>\n\t\t\t\t\t<\/div>\n\t\t<\/div>\n\t\t\t\t\t\t\t<\/div>\n\t\t<\/section>\n\t\t\t\t<section class=\"elementor-section elementor-top-section elementor-element elementor-element-0223b7d elementor-section-boxed elementor-section-height-default elementor-section-height-default\" data-id=\"0223b7d\" data-element_type=\"section\">\n\t\t\t\t\t\t<div class=\"elementor-container elementor-column-gap-default\">\n\t\t\t\t\t<div class=\"elementor-column elementor-col-100 elementor-top-column elementor-element elementor-element-2a8de99\" data-id=\"2a8de99\" data-element_type=\"column\">\n\t\t\t<div class=\"elementor-widget-wrap elementor-element-populated\">\n\t\t\t\t\t\t\t\t<div class=\"elementor-element elementor-element-db56961 elementor-widget elementor-widget-text-editor\" data-id=\"db56961\" data-element_type=\"widget\" data-widget_type=\"text-editor.default\">\n\t\t\t\t<div class=\"elementor-widget-container\">\n\t\t\t\t\t\t\t<h4 style=\"text-align: justify;\"><span style=\"color: #0055ff;\">Persoanele interesate sa\u0306 participe la activitatea de formare &#8211; Dezvoltator de eLearning pe platforma Moodle, care i\u0302ndeplinesc criteriile de select\u0326ie i\u0302s\u0326i vor depune candidatura, i\u0302n format electronic, la adresa de e-mail formare.pnrr@uaic.ro.<\/span><\/h4><h4 style=\"text-align: justify;\"><span style=\"color: #0055ff; text-align: justify;\">Pentru i\u0302nscrierea i\u0302n\u00a0 Grupul t\u0326inta\u0306 (GT) pentru activitatea de formare &#8211; Dezvoltator de eLearning pe platforma Moodle se vor completa, semna s\u0326i transmite, prin e-mail la formare.pnrr@uaic.ro, urma\u0306toarele documente (anexele se vor desc\u0103rca de <span style=\"color: #ff00ff;\"><span style=\"text-decoration: underline;\"><a style=\"color: #ff00ff; text-decoration: underline;\" href=\"https:\/\/euaic.pnrr.uaic.ro\/wp-content\/uploads\/2024\/03\/Anexe-de-completat-Dezvoltator-eLearning.docx\" target=\"_blank\" rel=\"noopener\">aici<\/a><\/span> <\/span>\u0219i se vor trimite\u00a0semnate):<\/span><\/h4><h4 style=\"text-align: left;\"><span style=\"color: #570514;\">\u27a2 Formular de aplicat\u0326ie (Anexa 1b);<\/span> <br \/><span style=\"color: #570514;\">\u27a2 Declarat\u0326ie disponibilitate de a participa la activita\u0306t\u0326ile proiectului (Anexa 2b); <\/span><br \/><span style=\"color: #570514;\">\u27a2 Copie dupa\u0306 cartea de identitate;<\/span><br \/><span style=\"color: #570514;\">\u27a2 Acord de utilizare a datelor personale (Anexa 3b).\u00a0<\/span><\/h4><h4 style=\"text-align: left;\"><span style=\"color: #ff00ff;\">V\u0103 rug\u0103m s\u0103 citi\u021bi toate detaliile \u00een metodologie.<\/span><\/h4>\t\t\t\t\t\t<\/div>\n\t\t\t\t<\/div>\n\t\t\t\t\t<\/div>\n\t\t<\/div>\n\t\t\t\t\t\t\t<\/div>\n\t\t<\/section>\n\t\t\t\t\t\t\t<\/div>\n\t\t","protected":false},"excerpt":{"rendered":"<p>CALENDAR DE SELEC\u021aIE Activitate I.\u00a0 Campanie de informare s\u0326i promovare i\u0302n ra\u0302ndul GTII.\u00a0 I\u0302nscrierea candidat\u0326ilorIII. Verificarea, evaluarea s\u0326i select\u0326ia candidaturilorIV.\u00a0 Afis\u0326area listei de candidat\u0326i declarat\u0326i admis\u0326iV.\u00a0 \u00a0Contestat\u0326iiVI.\u00a0 Solut\u0326ionarea contestat\u0326iilorVII. Afis\u0326area listei finale a candidat\u0326ilor declarat\u0326i admis\u0326i Perioad\u0103 I.\u00a0 \u00a0 04 \u2013 10 martie 2024II.\u00a0 \u00a010 \u2013 20 martie 2024III.\u00a0 21 \u2013 22 martie 2024IV.\u00a0 \u00a023 [&hellip;]<\/p>\n","protected":false},"author":1,"featured_media":0,"parent":0,"menu_order":0,"comment_status":"closed","ping_status":"closed","template":"","meta":[],"_links":{"self":[{"href":"https:\/\/euaic.pnrr.uaic.ro\/index.php?rest_route=\/wp\/v2\/pages\/350"}],"collection":[{"href":"https:\/\/euaic.pnrr.uaic.ro\/index.php?rest_route=\/wp\/v2\/pages"}],"about":[{"href":"https:\/\/euaic.pnrr.uaic.ro\/index.php?rest_route=\/wp\/v2\/types\/page"}],"author":[{"embeddable":true,"href":"https:\/\/euaic.pnrr.uaic.ro\/index.php?rest_route=\/wp\/v2\/users\/1"}],"replies":[{"embeddable":true,"href":"https:\/\/euaic.pnrr.uaic.ro\/index.php?rest_route=%2Fwp%2Fv2%2Fcomments&post=350"}],"version-history":[{"count":80,"href":"https:\/\/euaic.pnrr.uaic.ro\/index.php?rest_route=\/wp\/v2\/pages\/350\/revisions"}],"predecessor-version":[{"id":781,"href":"https:\/\/euaic.pnrr.uaic.ro\/index.php?rest_route=\/wp\/v2\/pages\/350\/revisions\/781"}],"wp:attachment":[{"href":"https:\/\/euaic.pnrr.uaic.ro\/index.php?rest_route=%2Fwp%2Fv2%2Fmedia&parent=350"}],"curies":[{"name":"wp","href":"https:\/\/api.w.org\/{rel}","templated":true}]}}